{"id":37831,"date":"2021-12-20T11:14:45","date_gmt":"2021-12-20T09:14:45","guid":{"rendered":"https:\/\/visitharju.ee\/kontakt\/"},"modified":"2021-12-20T11:14:45","modified_gmt":"2021-12-20T09:14:45","slug":"kontakt","status":"publish","type":"page","link":"https:\/\/visitharju.ee\/en\/kontakt\/","title":{"rendered":"Kontakt"},"content":{"rendered":"<div id=\"pl-37831\"  class=\"panel-layout\" ><div id=\"pg-37831-0\"  class=\"panel-grid panel-no-style\" ><div id=\"pgc-37831-0-0\"  class=\"panel-grid-cell\" ><div id=\"panel-37831-0-0-0\" class=\"so-panel widget widget_sow-editor panel-first-child\" data-index=\"0\" ><div\n\t\t\t\n\t\t\tclass=\"so-widget-sow-editor so-widget-sow-editor-base\"\n\t\t\t\n\t\t><h3 class=\"widget-title\">Visitharju kontaktid<\/h3>\n<div class=\"siteorigin-widget-tinymce textwidget\">\n\t<p>Lorem ipsum dolor sit amet, consectetur adipiscing elit, sed do eiusmod tempor incididunt ut labore et dolore magna aliqua. Ut enim ad minim veniam, quis nostrud exercitation ullamco laboris nisi ut aliquip ex ea commodo consequat. Duis aute irure dolor in reprehenderit in voluptate velit esse cillum dolore eu fugiat nulla pariatur. Excepteur sint occaecat cupidatat non proident, sunt in culpa qui officia deserunt mollit anim id est laborum.<\/p>\n<\/div>\n<\/div><\/div><div id=\"panel-37831-0-0-1\" class=\"so-panel widget widget_kontaktid-widget\" data-index=\"1\" ><div\n\t\t\t\n\t\t\tclass=\"so-widget-kontaktid-widget so-widget-kontaktid-widget-default-d75171398898-37831\"\n\t\t\t\n\t\t><div class=\"visitharju__contacts\">\r\n    <ul class=\"contacts__list\">\r\n                    <li class=\"contacts-list__phone\">+372 555 6666<\/li>\r\n                            <li class=\"contacts-list__address\">Sirge 2, Tallinn, 10618<\/li>\r\n                            <li class=\"contacts-list__mail\">info@visitharju.com<\/li>\r\n            <\/ul>\r\n<\/div><\/div><\/div><div id=\"panel-37831-0-0-2\" class=\"so-panel widget widget_sow-image-grid panel-last-child\" data-index=\"2\" ><div\n\t\t\t\n\t\t\tclass=\"so-widget-sow-image-grid so-widget-sow-image-grid-default-8bf08a9600e8-37831\"\n\t\t\t\n\t\t>\t<div\n\t\tclass=\"sow-image-grid-wrapper\"\n\t\t\t\t\t>\n\t\t\t\t\t<div class=\"sow-image-grid-image\">\n\t\t\t\t\t\t\t\t\t\t\t\t<img loading=\"lazy\" decoding=\"async\" width=\"150\" height=\"86\" src=\"https:\/\/visitharju.ee\/wp-content\/uploads\/2024\/02\/HEAK-logo-e1708503724352.png\" class=\"sow-image-grid-image_html\" alt=\"\" title=\"HEAK logo\" \/>\t\t\t\t\t\t\t\t\t\t\t<\/div>\n\t\t\t\t\t<div class=\"sow-image-grid-image\">\n\t\t\t\t\t\t\t\t\t\t\t\t<img loading=\"lazy\" decoding=\"async\" width=\"232\" height=\"50\" src=\"https:\/\/visitharju.ee\/wp-content\/uploads\/2021\/12\/hol-logo.png\" class=\"sow-image-grid-image_html\" alt=\"\" title=\"\" \/>\t\t\t\t\t\t\t\t\t\t\t<\/div>\n\t\t\t\t\t<div class=\"sow-image-grid-image\">\n\t\t\t\t\t\t\t\t\t\t\t\t<img loading=\"lazy\" decoding=\"async\" width=\"170\" height=\"50\" src=\"https:\/\/visitharju.ee\/wp-content\/uploads\/2021\/12\/visit-estonia-logo.png\" class=\"sow-image-grid-image_html\" alt=\"\" title=\"\" \/>\t\t\t\t\t\t\t\t\t\t\t<\/div>\n\t\t\t\t\t<div class=\"sow-image-grid-image\">\n\t\t\t\t\t\t\t\t\t\t\t\t<img loading=\"lazy\" decoding=\"async\" width=\"76\" height=\"50\" src=\"https:\/\/visitharju.ee\/wp-content\/uploads\/2021\/12\/eu-logo.png\" class=\"sow-image-grid-image_html\" alt=\"\" title=\"\" \/>\t\t\t\t\t\t\t\t\t\t\t<\/div>\n\t\t\t<\/div>\n<\/div><\/div><\/div><div id=\"pgc-37831-0-1\"  class=\"panel-grid-cell\" ><div id=\"panel-37831-0-1-0\" class=\"so-panel widget widget_sow-editor panel-first-child panel-last-child\" data-index=\"3\" ><div\n\t\t\t\n\t\t\tclass=\"so-widget-sow-editor so-widget-sow-editor-base\"\n\t\t\t\n\t\t>\n<div class=\"siteorigin-widget-tinymce textwidget\">\n\t\n<div class=\"wpcf7 no-js\" id=\"wpcf7-f38245-o1\" lang=\"en-US\" dir=\"ltr\" data-wpcf7-id=\"38245\">\n<div class=\"screen-reader-response\"><p role=\"status\" aria-live=\"polite\" aria-atomic=\"true\"><\/p> <ul><\/ul><\/div>\n<form action=\"\/en\/wp-json\/wp\/v2\/pages\/37831#wpcf7-f38245-o1\" method=\"post\" class=\"wpcf7-form init\" aria-label=\"Contact form\" novalidate=\"novalidate\" data-status=\"init\">\n<fieldset class=\"hidden-fields-container\"><input type=\"hidden\" name=\"_wpcf7\" value=\"38245\" \/><input type=\"hidden\" name=\"_wpcf7_version\" value=\"6.1.5\" \/><input type=\"hidden\" name=\"_wpcf7_locale\" value=\"en_US\" \/><input type=\"hidden\" name=\"_wpcf7_unit_tag\" value=\"wpcf7-f38245-o1\" \/><input type=\"hidden\" name=\"_wpcf7_container_post\" value=\"0\" \/><input type=\"hidden\" name=\"_wpcf7_posted_data_hash\" value=\"\" \/><input type=\"hidden\" name=\"_wpcf7_recaptcha_response\" value=\"\" \/>\n<\/fieldset>\n<div class=\"cf7-form__content newsletter\">\r\n\t<div class=\"cf7-form__row d-flex justify-content-center align-items-center\">\r\n\t\t<div class=\"cf7-form__col\">\r\n\t\t\t\t<div class=\"input-group flex-nowrap\">\r\n\t            <span class=\"wpcf7-form-control-wrap\" data-name=\"e-mail\"><input size=\"40\" maxlength=\"400\" class=\"wpcf7-form-control wpcf7-email wpcf7-validates-as-required wpcf7-text wpcf7-validates-as-email form-control rounded-0\" aria-required=\"true\" aria-invalid=\"false\" placeholder=\"Your e-mail address\" value=\"\" type=\"email\" name=\"e-mail\" \/><\/span><input class=\"wpcf7-form-control wpcf7-submit has-spinner btn btn-primary btn-lg rounded-0\" type=\"submit\" value=\"Join\" \/>\r\n\t\t\t\t<\/div>\r\n\t\t<\/div>\r\n\t<\/div>\r\n<\/div><div class=\"wpcf7-response-output\" aria-hidden=\"true\"><\/div>\n<\/form>\n<\/div>\n\n<p style=\"text-align: center;\">Saa alati esimesena teada uutest ja huvitavatest paikadest<br \/>\nmida avastada Harjumaal!<\/p>\n<\/div>\n<\/div><\/div><\/div><\/div><\/div>","protected":false},"excerpt":{"rendered":"<p>Lorem ipsum dolor sit amet, consectetur adipiscing elit, sed do eiusmod tempor incididunt ut labore et dolore magna aliqua. Ut enim ad minim veniam, quis nostrud exercitation ullamco laboris nisi ut aliquip ex ea commodo&#8230;<\/p>\n","protected":false},"author":1,"featured_media":0,"parent":0,"menu_order":0,"comment_status":"closed","ping_status":"closed","template":"page-kontakt.php","meta":{"_acf_changed":false,"rs_blank_template":"","rs_page_bg_color":"","slide_template_v7":"","footnotes":""},"class_list":["post-37831","page","type-page","status-publish","hentry"],"acf":[],"yoast_head":"<!-- This site is optimized with the Yoast SEO plugin v27.4 - https:\/\/yoast.com\/product\/yoast-seo-wordpress\/ -->\n<title>Kontakt | Visit Harju<\/title>\n<meta name=\"description\" content=\"Oled leidnud kuldv\u00f5tmekese, et avada ja avastada enda jaoks Harjumaa. M\u00f5nusad kohad ning toredad \u00fcritused ootavad Sind!\" \/>\n<meta name=\"robots\" content=\"index, follow, max-snippet:-1, max-image-preview:large, max-video-preview:-1\" \/>\n<link rel=\"canonical\" href=\"https:\/\/visitharju.ee\/kontakt\/\" \/>\n<meta property=\"og:locale\" content=\"en_US\" \/>\n<meta property=\"og:type\" content=\"article\" \/>\n<meta property=\"og:title\" content=\"Kontakt | Visit Harju\" \/>\n<meta property=\"og:description\" content=\"Oled leidnud kuldv\u00f5tmekese, et avada ja avastada enda jaoks Harjumaa. M\u00f5nusad kohad ning toredad \u00fcritused ootavad Sind!\" \/>\n<meta property=\"og:url\" content=\"https:\/\/visitharju.ee\/kontakt\/\" \/>\n<meta property=\"og:site_name\" content=\"Visit Harju\" \/>\n<meta property=\"article:publisher\" content=\"https:\/\/www.facebook.com\/Visitharju\" \/>\n<meta name=\"twitter:card\" content=\"summary_large_image\" \/>\n<meta name=\"twitter:label1\" content=\"Est. reading time\" \/>\n\t<meta name=\"twitter:data1\" content=\"1 minute\" \/>\n<script type=\"application\/ld+json\" class=\"yoast-schema-graph\">{\"@context\":\"https:\\\/\\\/schema.org\",\"@graph\":[{\"@type\":\"WebPage\",\"@id\":\"https:\\\/\\\/visitharju.ee\\\/kontakt\\\/\",\"url\":\"https:\\\/\\\/visitharju.ee\\\/kontakt\\\/\",\"name\":\"Kontakt | Visit Harju\",\"isPartOf\":{\"@id\":\"https:\\\/\\\/www.visitharju.ee\\\/#website\"},\"datePublished\":\"2021-12-20T09:14:45+00:00\",\"description\":\"Oled leidnud kuldv\u00f5tmekese, et avada ja avastada enda jaoks Harjumaa. M\u00f5nusad kohad ning toredad \u00fcritused ootavad Sind!\",\"breadcrumb\":{\"@id\":\"https:\\\/\\\/visitharju.ee\\\/kontakt\\\/#breadcrumb\"},\"inLanguage\":\"en-US\",\"potentialAction\":[{\"@type\":\"ReadAction\",\"target\":[\"https:\\\/\\\/visitharju.ee\\\/kontakt\\\/\"]}]},{\"@type\":\"BreadcrumbList\",\"@id\":\"https:\\\/\\\/visitharju.ee\\\/kontakt\\\/#breadcrumb\",\"itemListElement\":[{\"@type\":\"ListItem\",\"position\":1,\"name\":\"Home\",\"item\":\"https:\\\/\\\/visitharju.ee\\\/en\\\/\"},{\"@type\":\"ListItem\",\"position\":2,\"name\":\"Kontakt\"}]},{\"@type\":\"WebSite\",\"@id\":\"https:\\\/\\\/www.visitharju.ee\\\/#website\",\"url\":\"https:\\\/\\\/www.visitharju.ee\\\/\",\"name\":\"Visit Harju\",\"description\":\"\",\"publisher\":{\"@id\":\"https:\\\/\\\/www.visitharju.ee\\\/#organization\"},\"potentialAction\":[{\"@type\":\"SearchAction\",\"target\":{\"@type\":\"EntryPoint\",\"urlTemplate\":\"https:\\\/\\\/www.visitharju.ee\\\/?s={search_term_string}\"},\"query-input\":{\"@type\":\"PropertyValueSpecification\",\"valueRequired\":true,\"valueName\":\"search_term_string\"}}],\"inLanguage\":\"en-US\"},{\"@type\":\"Organization\",\"@id\":\"https:\\\/\\\/www.visitharju.ee\\\/#organization\",\"name\":\"Visit Harju\",\"url\":\"https:\\\/\\\/www.visitharju.ee\\\/\",\"logo\":{\"@type\":\"ImageObject\",\"inLanguage\":\"en-US\",\"@id\":\"https:\\\/\\\/www.visitharju.ee\\\/#\\\/schema\\\/logo\\\/image\\\/\",\"url\":\"https:\\\/\\\/visitharju.ee\\\/wp-content\\\/uploads\\\/2023\\\/10\\\/Visitharju-logo.png\",\"contentUrl\":\"https:\\\/\\\/visitharju.ee\\\/wp-content\\\/uploads\\\/2023\\\/10\\\/Visitharju-logo.png\",\"width\":1892,\"height\":567,\"caption\":\"Visit Harju\"},\"image\":{\"@id\":\"https:\\\/\\\/www.visitharju.ee\\\/#\\\/schema\\\/logo\\\/image\\\/\"},\"sameAs\":[\"https:\\\/\\\/www.facebook.com\\\/Visitharju\",\"https:\\\/\\\/www.instagram.com\\\/visitharju\\\/\",\"https:\\\/\\\/www.youtube.com\\\/channel\\\/UCzjhqLjaCYy13XcGq5aSEWQ\"]}]}<\/script>\n<!-- \/ Yoast SEO plugin. -->","yoast_head_json":{"title":"Kontakt | Visit Harju","description":"Oled leidnud kuldv\u00f5tmekese, et avada ja avastada enda jaoks Harjumaa. M\u00f5nusad kohad ning toredad \u00fcritused ootavad Sind!","robots":{"index":"index","follow":"follow","max-snippet":"max-snippet:-1","max-image-preview":"max-image-preview:large","max-video-preview":"max-video-preview:-1"},"canonical":"https:\/\/visitharju.ee\/kontakt\/","og_locale":"en_US","og_type":"article","og_title":"Kontakt | Visit Harju","og_description":"Oled leidnud kuldv\u00f5tmekese, et avada ja avastada enda jaoks Harjumaa. M\u00f5nusad kohad ning toredad \u00fcritused ootavad Sind!","og_url":"https:\/\/visitharju.ee\/kontakt\/","og_site_name":"Visit Harju","article_publisher":"https:\/\/www.facebook.com\/Visitharju","twitter_card":"summary_large_image","twitter_misc":{"Est. reading time":"1 minute"},"schema":{"@context":"https:\/\/schema.org","@graph":[{"@type":"WebPage","@id":"https:\/\/visitharju.ee\/kontakt\/","url":"https:\/\/visitharju.ee\/kontakt\/","name":"Kontakt | Visit Harju","isPartOf":{"@id":"https:\/\/www.visitharju.ee\/#website"},"datePublished":"2021-12-20T09:14:45+00:00","description":"Oled leidnud kuldv\u00f5tmekese, et avada ja avastada enda jaoks Harjumaa. M\u00f5nusad kohad ning toredad \u00fcritused ootavad Sind!","breadcrumb":{"@id":"https:\/\/visitharju.ee\/kontakt\/#breadcrumb"},"inLanguage":"en-US","potentialAction":[{"@type":"ReadAction","target":["https:\/\/visitharju.ee\/kontakt\/"]}]},{"@type":"BreadcrumbList","@id":"https:\/\/visitharju.ee\/kontakt\/#breadcrumb","itemListElement":[{"@type":"ListItem","position":1,"name":"Home","item":"https:\/\/visitharju.ee\/en\/"},{"@type":"ListItem","position":2,"name":"Kontakt"}]},{"@type":"WebSite","@id":"https:\/\/www.visitharju.ee\/#website","url":"https:\/\/www.visitharju.ee\/","name":"Visit Harju","description":"","publisher":{"@id":"https:\/\/www.visitharju.ee\/#organization"},"potentialAction":[{"@type":"SearchAction","target":{"@type":"EntryPoint","urlTemplate":"https:\/\/www.visitharju.ee\/?s={search_term_string}"},"query-input":{"@type":"PropertyValueSpecification","valueRequired":true,"valueName":"search_term_string"}}],"inLanguage":"en-US"},{"@type":"Organization","@id":"https:\/\/www.visitharju.ee\/#organization","name":"Visit Harju","url":"https:\/\/www.visitharju.ee\/","logo":{"@type":"ImageObject","inLanguage":"en-US","@id":"https:\/\/www.visitharju.ee\/#\/schema\/logo\/image\/","url":"https:\/\/visitharju.ee\/wp-content\/uploads\/2023\/10\/Visitharju-logo.png","contentUrl":"https:\/\/visitharju.ee\/wp-content\/uploads\/2023\/10\/Visitharju-logo.png","width":1892,"height":567,"caption":"Visit Harju"},"image":{"@id":"https:\/\/www.visitharju.ee\/#\/schema\/logo\/image\/"},"sameAs":["https:\/\/www.facebook.com\/Visitharju","https:\/\/www.instagram.com\/visitharju\/","https:\/\/www.youtube.com\/channel\/UCzjhqLjaCYy13XcGq5aSEWQ"]}]}},"_links":{"self":[{"href":"https:\/\/visitharju.ee\/en\/wp-json\/wp\/v2\/pages\/37831","targetHints":{"allow":["GET"]}}],"collection":[{"href":"https:\/\/visitharju.ee\/en\/wp-json\/wp\/v2\/pages"}],"about":[{"href":"https:\/\/visitharju.ee\/en\/wp-json\/wp\/v2\/types\/page"}],"author":[{"embeddable":true,"href":"https:\/\/visitharju.ee\/en\/wp-json\/wp\/v2\/users\/1"}],"replies":[{"embeddable":true,"href":"https:\/\/visitharju.ee\/en\/wp-json\/wp\/v2\/comments?post=37831"}],"version-history":[{"count":0,"href":"https:\/\/visitharju.ee\/en\/wp-json\/wp\/v2\/pages\/37831\/revisions"}],"wp:attachment":[{"href":"https:\/\/visitharju.ee\/en\/wp-json\/wp\/v2\/media?parent=37831"}],"curies":[{"name":"wp","href":"https:\/\/api.w.org\/{rel}","templated":true}]}}