{"id":38206,"date":"2022-04-05T14:37:58","date_gmt":"2022-04-05T11:37:58","guid":{"rendered":"https:\/\/visitharju.ee\/?page_id=38206"},"modified":"2022-04-05T15:05:07","modified_gmt":"2022-04-05T12:05:07","slug":"my-favourites","status":"publish","type":"page","link":"https:\/\/visitharju.ee\/en\/my-favourites\/","title":{"rendered":"Minu favourites"},"content":{"rendered":"","protected":false},"excerpt":{"rendered":"","protected":false},"author":2,"featured_media":0,"parent":0,"menu_order":0,"comment_status":"closed","ping_status":"closed","template":"page-favorites.php","meta":{"_acf_changed":false,"rs_blank_template":"","rs_page_bg_color":"","slide_template_v7":"","footnotes":""},"class_list":["post-38206","page","type-page","status-publish","hentry"],"acf":[],"yoast_head":"<!-- This site is optimized with the Yoast SEO plugin v27.4 - https:\/\/yoast.com\/product\/yoast-seo-wordpress\/ -->\n<title>Minu favourites | Visit Harju<\/title>\n<meta name=\"description\" content=\"Oled leidnud kuldv\u00f5tmekese, et avada ja avastada enda jaoks Harjumaa. M\u00f5nusad kohad ning toredad \u00fcritused ootavad Sind!\" \/>\n<meta name=\"robots\" content=\"index, follow, max-snippet:-1, max-image-preview:large, max-video-preview:-1\" \/>\n<link rel=\"canonical\" href=\"https:\/\/www.visitharju.ee\/minu-lemmikud\/\" \/>\n<meta property=\"og:locale\" content=\"en_US\" \/>\n<meta property=\"og:type\" content=\"article\" \/>\n<meta property=\"og:title\" content=\"Minu favourites | Visit Harju\" \/>\n<meta property=\"og:description\" content=\"Oled leidnud kuldv\u00f5tmekese, et avada ja avastada enda jaoks Harjumaa. M\u00f5nusad kohad ning toredad \u00fcritused ootavad Sind!\" \/>\n<meta property=\"og:url\" content=\"https:\/\/www.visitharju.ee\/minu-lemmikud\/\" \/>\n<meta property=\"og:site_name\" content=\"Visit Harju\" \/>\n<meta property=\"article:publisher\" content=\"https:\/\/www.facebook.com\/Visitharju\" \/>\n<meta property=\"article:modified_time\" content=\"2022-04-05T12:05:07+00:00\" \/>\n<meta name=\"twitter:card\" content=\"summary_large_image\" \/>\n<script type=\"application\/ld+json\" class=\"yoast-schema-graph\">{\"@context\":\"https:\\\/\\\/schema.org\",\"@graph\":[{\"@type\":\"WebPage\",\"@id\":\"https:\\\/\\\/www.visitharju.ee\\\/minu-lemmikud\\\/\",\"url\":\"https:\\\/\\\/www.visitharju.ee\\\/minu-lemmikud\\\/\",\"name\":\"Minu favourites | Visit Harju\",\"isPartOf\":{\"@id\":\"https:\\\/\\\/www.visitharju.ee\\\/de\\\/#website\"},\"datePublished\":\"2022-04-05T11:37:58+00:00\",\"dateModified\":\"2022-04-05T12:05:07+00:00\",\"description\":\"Oled leidnud kuldv\u00f5tmekese, et avada ja avastada enda jaoks Harjumaa. M\u00f5nusad kohad ning toredad \u00fcritused ootavad Sind!\",\"breadcrumb\":{\"@id\":\"https:\\\/\\\/www.visitharju.ee\\\/minu-lemmikud\\\/#breadcrumb\"},\"inLanguage\":\"en-US\",\"potentialAction\":[{\"@type\":\"ReadAction\",\"target\":[\"https:\\\/\\\/www.visitharju.ee\\\/minu-lemmikud\\\/\"]}]},{\"@type\":\"BreadcrumbList\",\"@id\":\"https:\\\/\\\/www.visitharju.ee\\\/minu-lemmikud\\\/#breadcrumb\",\"itemListElement\":[{\"@type\":\"ListItem\",\"position\":1,\"name\":\"Home\",\"item\":\"https:\\\/\\\/visitharju.ee\\\/en\\\/\"},{\"@type\":\"ListItem\",\"position\":2,\"name\":\"Minu favourites\"}]},{\"@type\":\"WebSite\",\"@id\":\"https:\\\/\\\/www.visitharju.ee\\\/de\\\/#website\",\"url\":\"https:\\\/\\\/www.visitharju.ee\\\/de\\\/\",\"name\":\"Visit Harju\",\"description\":\"\",\"publisher\":{\"@id\":\"https:\\\/\\\/www.visitharju.ee\\\/de\\\/#organization\"},\"potentialAction\":[{\"@type\":\"SearchAction\",\"target\":{\"@type\":\"EntryPoint\",\"urlTemplate\":\"https:\\\/\\\/www.visitharju.ee\\\/de\\\/?s={search_term_string}\"},\"query-input\":{\"@type\":\"PropertyValueSpecification\",\"valueRequired\":true,\"valueName\":\"search_term_string\"}}],\"inLanguage\":\"en-US\"},{\"@type\":\"Organization\",\"@id\":\"https:\\\/\\\/www.visitharju.ee\\\/de\\\/#organization\",\"name\":\"Visit Harju\",\"url\":\"https:\\\/\\\/www.visitharju.ee\\\/de\\\/\",\"logo\":{\"@type\":\"ImageObject\",\"inLanguage\":\"en-US\",\"@id\":\"https:\\\/\\\/www.visitharju.ee\\\/de\\\/#\\\/schema\\\/logo\\\/image\\\/\",\"url\":\"https:\\\/\\\/visitharju.ee\\\/wp-content\\\/uploads\\\/2023\\\/10\\\/Visitharju-logo.png\",\"contentUrl\":\"https:\\\/\\\/visitharju.ee\\\/wp-content\\\/uploads\\\/2023\\\/10\\\/Visitharju-logo.png\",\"width\":1892,\"height\":567,\"caption\":\"Visit Harju\"},\"image\":{\"@id\":\"https:\\\/\\\/www.visitharju.ee\\\/de\\\/#\\\/schema\\\/logo\\\/image\\\/\"},\"sameAs\":[\"https:\\\/\\\/www.facebook.com\\\/Visitharju\",\"https:\\\/\\\/www.instagram.com\\\/visitharju\\\/\",\"https:\\\/\\\/www.youtube.com\\\/channel\\\/UCzjhqLjaCYy13XcGq5aSEWQ\"]}]}<\/script>\n<!-- \/ Yoast SEO plugin. -->","yoast_head_json":{"title":"Minu favourites | Visit Harju","description":"Oled leidnud kuldv\u00f5tmekese, et avada ja avastada enda jaoks Harjumaa. M\u00f5nusad kohad ning toredad \u00fcritused ootavad Sind!","robots":{"index":"index","follow":"follow","max-snippet":"max-snippet:-1","max-image-preview":"max-image-preview:large","max-video-preview":"max-video-preview:-1"},"canonical":"https:\/\/www.visitharju.ee\/minu-lemmikud\/","og_locale":"en_US","og_type":"article","og_title":"Minu favourites | Visit Harju","og_description":"Oled leidnud kuldv\u00f5tmekese, et avada ja avastada enda jaoks Harjumaa. M\u00f5nusad kohad ning toredad \u00fcritused ootavad Sind!","og_url":"https:\/\/www.visitharju.ee\/minu-lemmikud\/","og_site_name":"Visit Harju","article_publisher":"https:\/\/www.facebook.com\/Visitharju","article_modified_time":"2022-04-05T12:05:07+00:00","twitter_card":"summary_large_image","schema":{"@context":"https:\/\/schema.org","@graph":[{"@type":"WebPage","@id":"https:\/\/www.visitharju.ee\/minu-lemmikud\/","url":"https:\/\/www.visitharju.ee\/minu-lemmikud\/","name":"Minu favourites | Visit Harju","isPartOf":{"@id":"https:\/\/www.visitharju.ee\/de\/#website"},"datePublished":"2022-04-05T11:37:58+00:00","dateModified":"2022-04-05T12:05:07+00:00","description":"Oled leidnud kuldv\u00f5tmekese, et avada ja avastada enda jaoks Harjumaa. M\u00f5nusad kohad ning toredad \u00fcritused ootavad Sind!","breadcrumb":{"@id":"https:\/\/www.visitharju.ee\/minu-lemmikud\/#breadcrumb"},"inLanguage":"en-US","potentialAction":[{"@type":"ReadAction","target":["https:\/\/www.visitharju.ee\/minu-lemmikud\/"]}]},{"@type":"BreadcrumbList","@id":"https:\/\/www.visitharju.ee\/minu-lemmikud\/#breadcrumb","itemListElement":[{"@type":"ListItem","position":1,"name":"Home","item":"https:\/\/visitharju.ee\/en\/"},{"@type":"ListItem","position":2,"name":"Minu favourites"}]},{"@type":"WebSite","@id":"https:\/\/www.visitharju.ee\/de\/#website","url":"https:\/\/www.visitharju.ee\/de\/","name":"Visit Harju","description":"","publisher":{"@id":"https:\/\/www.visitharju.ee\/de\/#organization"},"potentialAction":[{"@type":"SearchAction","target":{"@type":"EntryPoint","urlTemplate":"https:\/\/www.visitharju.ee\/de\/?s={search_term_string}"},"query-input":{"@type":"PropertyValueSpecification","valueRequired":true,"valueName":"search_term_string"}}],"inLanguage":"en-US"},{"@type":"Organization","@id":"https:\/\/www.visitharju.ee\/de\/#organization","name":"Visit Harju","url":"https:\/\/www.visitharju.ee\/de\/","logo":{"@type":"ImageObject","inLanguage":"en-US","@id":"https:\/\/www.visitharju.ee\/de\/#\/schema\/logo\/image\/","url":"https:\/\/visitharju.ee\/wp-content\/uploads\/2023\/10\/Visitharju-logo.png","contentUrl":"https:\/\/visitharju.ee\/wp-content\/uploads\/2023\/10\/Visitharju-logo.png","width":1892,"height":567,"caption":"Visit Harju"},"image":{"@id":"https:\/\/www.visitharju.ee\/de\/#\/schema\/logo\/image\/"},"sameAs":["https:\/\/www.facebook.com\/Visitharju","https:\/\/www.instagram.com\/visitharju\/","https:\/\/www.youtube.com\/channel\/UCzjhqLjaCYy13XcGq5aSEWQ"]}]}},"_links":{"self":[{"href":"https:\/\/visitharju.ee\/en\/wp-json\/wp\/v2\/pages\/38206","targetHints":{"allow":["GET"]}}],"collection":[{"href":"https:\/\/visitharju.ee\/en\/wp-json\/wp\/v2\/pages"}],"about":[{"href":"https:\/\/visitharju.ee\/en\/wp-json\/wp\/v2\/types\/page"}],"author":[{"embeddable":true,"href":"https:\/\/visitharju.ee\/en\/wp-json\/wp\/v2\/users\/2"}],"replies":[{"embeddable":true,"href":"https:\/\/visitharju.ee\/en\/wp-json\/wp\/v2\/comments?post=38206"}],"version-history":[{"count":0,"href":"https:\/\/visitharju.ee\/en\/wp-json\/wp\/v2\/pages\/38206\/revisions"}],"wp:attachment":[{"href":"https:\/\/visitharju.ee\/en\/wp-json\/wp\/v2\/media?parent=38206"}],"curies":[{"name":"wp","href":"https:\/\/api.w.org\/{rel}","templated":true}]}}