{"id":603205,"date":"2026-02-17T09:44:41","date_gmt":"2026-02-17T07:44:41","guid":{"rendered":"https:\/\/visitharju.ee\/?page_id=603205"},"modified":"2026-02-17T09:44:41","modified_gmt":"2026-02-17T07:44:41","slug":"tematiskie-marsruti","status":"publish","type":"page","link":"https:\/\/www.visitharju.ee\/lv\/tematiskie-marsruti\/","title":{"rendered":"Tematiskie mar\u0161ruti"},"content":{"rendered":"<div id=\"pl-603205\"  class=\"panel-layout\" ><div id=\"pg-603205-0\"  class=\"panel-grid panel-no-style\" ><div id=\"pgc-603205-0-0\"  class=\"panel-grid-cell\" ><div id=\"panel-603205-0-0-0\" class=\"so-panel widget widget_theme-text panel-first-child panel-last-child\" data-index=\"0\" ><div\n\t\t\t\n\t\t\tclass=\"so-widget-theme-text so-widget-theme-text-base\"\n\t\t\t\n\t\t>\n<div class=\"theme-text-69e59a22a2fc0 \" id=\"theme-text-69e59a22a2fc0-content\">\n    <p class=\"p1\">Atkl\u0101j Harju apri\u0146\u0137a un kaimi\u0146u re\u0123ionu lab\u0101kos piedz\u012bvojumus divos at\u0161\u0137ir\u012bgos mar\u0161rutos, kas lieliski piem\u0113roti ce\u013co\u0161anai patst\u0101v\u012bgi: <span class=\"s1\"><b>Pa \u016bdens p\u0113d\u0101m \u2013 no purviem l\u012bdz Baltijas j\u016brai<\/b><\/span> apvieno vien\u0101 \u0123imenei draudz\u012bg\u0101 autoce\u013cojum\u0101 purvus un ezerus, iespaid\u012bgus \u016bdenskritumu un upju skatus, Rummu karjera krist\u0101ldzidro \u016bdeni un H\u0101psalu j\u016bras noska\u0146u; savuk\u0101rt <span class=\"s1\"><b>Rannarootslaste radadel: gadalaiki vi\u013c\u0146u ritm\u0101<\/b><\/span> atkl\u0101j Igaunijas zviedru piekrastes mantojumu caur muzejiem, bazn\u012bc\u0101m un piej\u016bras ciemiem, pie\u0161\u0137irot ce\u013cojumam \u012bpa\u0161u salas noska\u0146u Vormsi. Ja mekl\u0113 braucienu, kas vienlaikus pied\u0101v\u0101 dabu, v\u0113sturi, viet\u0113j\u0101s gar\u0161as un autentiskus st\u0101stus, izv\u0113lies vienu (vai dodies abos!) \u2013 \u0161ie mar\u0161ruti dod br\u012bv\u012bbu ce\u013cot sav\u0101 temp\u0101, apst\u0101ties tur, kur sirds aicina, un iepaz\u012bt Zieme\u013crietumigauniju pa \u012bstam, ne tikai caur auto logu.<\/p>\n<\/div>\n\n\n<style>.theme-text-69e59a22a2fc0{color:#000;font-weight:400;font-size:1.25rem;line-height:1.5;margin:0 0 0 0;padding:0 0 0 0;text-align:left}.theme-text-69e59a22a2fc0 ul li{margin-bottom:22px}.theme-text-69e59a22a2fc0 ul li:last-child{margin-bottom:0}.theme-text-69e59a22a2fc0.text-truncated{display:-webkit-box;-webkit-box-orient:vertical;-webkit-line-clamp:0;overflow:hidden;text-overflow:ellipsis}@media (max-width:767px){.theme-text-69e59a22a2fc0{font-size:1.25rem;line-height:1.5;margin:0 0 0 0;padding:0 0 0 0;text-align:left}}<\/style><\/div><\/div><\/div><\/div><div id=\"pg-603205-1\"  class=\"panel-grid panel-no-style\" ><div id=\"pgc-603205-1-0\"  class=\"panel-grid-cell\" ><div id=\"panel-603205-1-0-0\" class=\"so-panel widget widget_sow-image panel-first-child panel-last-child\" data-index=\"1\" ><div class=\"panel-widget-style panel-widget-style-for-603205-1-0-0\" ><div\n\t\t\t\n\t\t\tclass=\"so-widget-sow-image so-widget-sow-image-default-dbf295114b96-603205\"\n\t\t\t\n\t\t>\n<div class=\"sow-image-container\">\n\t\t<img \n\tsrc=\"https:\/\/www.visitharju.ee\/wp-content\/uploads\/2026\/02\/Vee-jalgedes.png\" width=\"1920\" height=\"1280\" srcset=\"https:\/\/www.visitharju.ee\/wp-content\/uploads\/2026\/02\/Vee-jalgedes.png 1920w, https:\/\/www.visitharju.ee\/wp-content\/uploads\/2026\/02\/Vee-jalgedes-300x200.png 300w, https:\/\/www.visitharju.ee\/wp-content\/uploads\/2026\/02\/Vee-jalgedes-1024x683.png 1024w, https:\/\/www.visitharju.ee\/wp-content\/uploads\/2026\/02\/Vee-jalgedes-768x512.png 768w, https:\/\/www.visitharju.ee\/wp-content\/uploads\/2026\/02\/Vee-jalgedes-272x182.png 272w\" sizes=\"(max-width: 1920px) 100vw, 1920px\" title=\"Vee j\u00e4lgedes\" alt=\"Vee j\u00e4lgedes\" \t\tclass=\"so-widget-image\"\/>\n\t<\/div>\n\n<\/div><\/div><\/div><\/div><div id=\"pgc-603205-1-1\"  class=\"panel-grid-cell\" ><div id=\"panel-603205-1-1-0\" class=\"so-panel widget widget_theme-title panel-first-child\" data-index=\"2\" ><div\n\t\t\t\n\t\t\tclass=\"so-widget-theme-title so-widget-theme-title-base\"\n\t\t\t\n\t\t>\n<h2 class=\"theme-title-69e59a22a5103\">\n    Pa \u016bdens ce\u013ciem \u2013 no purviem l\u012bdz Baltijas j\u016brai<\/h2>\n\n<style>.theme-title-69e59a22a5103{color:#000;font-weight:700;font-size:1.5rem;line-height:normal;letter-spacing:normal;margin:0 0 24px 0;text-align:left}@media (max-width:767px){.theme-title-69e59a22a5103{font-size:1.5rem;line-height:normal;letter-spacing:normal;margin:0 0 2px 0;text-align:left}}<\/style><\/div><\/div><div id=\"panel-603205-1-1-1\" class=\"so-panel widget widget_theme-text\" data-index=\"3\" ><div\n\t\t\t\n\t\t\tclass=\"so-widget-theme-text so-widget-theme-text-base\"\n\t\t\t\n\t\t>\n<div class=\"theme-text-69e59a22a55b8 \" id=\"theme-text-69e59a22a55b8-content\">\n    <p class=\"p1\">Tr\u012bs dienu, \u0123imenei draudz\u012bgs autoce\u013cojums pa Zieme\u013crietumigaunijas \u016bdens ainav\u0101m, kur katrai dienai ir savs raksturs. Raplas apri\u0146\u0137\u012b gaida purvu laipas un ezeri (piem\u0113ram, Mukri purvs), Harju apri\u0146\u0137\u012b \u2013 Keila-Joa \u016bdenskritums un Rummu karjera zilie dzi\u013cumi, bet L\u0113nes apri\u0146\u0137\u012b \u2013 j\u016bras piekraste un H\u0101psalu (promen\u0101de, spa).<\/p>\n<\/div>\n\n\n<style>.theme-text-69e59a22a55b8{color:#000;font-weight:400;font-size:1.25rem;line-height:1.5;margin:0 0 0 0;padding:0 0 0 0;text-align:left}.theme-text-69e59a22a55b8 ul li{margin-bottom:22px}.theme-text-69e59a22a55b8 ul li:last-child{margin-bottom:0}.theme-text-69e59a22a55b8.text-truncated{display:-webkit-box;-webkit-box-orient:vertical;-webkit-line-clamp:0;overflow:hidden;text-overflow:ellipsis}@media (max-width:767px){.theme-text-69e59a22a55b8{font-size:1.25rem;line-height:1.5;margin:0 0 0 0;padding:0 0 0 0;text-align:left}}<\/style><\/div><\/div><div id=\"panel-603205-1-1-2\" class=\"so-panel widget widget_theme-btn panel-last-child\" data-index=\"4\" ><div\n\t\t\t\n\t\t\tclass=\"so-widget-theme-btn so-widget-theme-btn-base\"\n\t\t\t\n\t\t>\n<div class=\"theme-btn-69e59a22a5919-wrapper\">\n    <a href=\"https:\/\/visitestonia.com\/lv\/ko-darit\/pa-udens-celiem-no-purviem-lidz-baltijas-jurai\"\n       class=\"theme-btn theme-btn--outline theme-btn-69e59a22a5919\"\n       role=\"button\"\n       >\n                Las\u012bt vair\u0101k    <\/a>\n<\/div>\n\n<style>.theme-btn-69e59a22a5919-wrapper{display:flex;justify-content:flex-start;width:100%}a.theme-btn-69e59a22a5919{display:inline-flex;align-items:center;gap:12px;padding:20px 24px 20px 24px;margin:0 0 0 0;font-size:1.25rem;font-weight:400;text-transform:none;text-decoration:none!important;color:#000;border:1px solid #000;border-radius:40px}a.theme-btn-69e59a22a5919:hover{background:#003E62;color:#fff}a.theme-btn-69e59a22a5919 .theme-btn__icon-img{max-height:28px;width:auto}a.theme-btn-69e59a22a5919 .theme-btn__icon{padding:0 12px 0 0}@media (max-width:767px){.theme-btn-69e59a22a5919-wrapper{justify-content:flex-start}a.theme-btn-69e59a22a5919{padding:14px 32px 14px 32px;margin:0 0 20px 0;font-size:1rem}}<\/style><\/div><\/div><\/div><\/div><div id=\"pg-603205-2\"  class=\"panel-grid panel-no-style\" ><div id=\"pgc-603205-2-0\"  class=\"panel-grid-cell\" ><div id=\"panel-603205-2-0-0\" class=\"so-panel widget widget_sow-image panel-first-child panel-last-child\" data-index=\"5\" ><div class=\"panel-widget-style panel-widget-style-for-603205-2-0-0\" ><div\n\t\t\t\n\t\t\tclass=\"so-widget-sow-image so-widget-sow-image-default-dbf295114b96-603205\"\n\t\t\t\n\t\t>\n<div class=\"sow-image-container\">\n\t\t<img \n\tsrc=\"https:\/\/www.visitharju.ee\/wp-content\/uploads\/2026\/01\/Laanemaa-Noarootsi_Priidu-Saart8-1_large.jpg\" width=\"1280\" height=\"853\" srcset=\"https:\/\/www.visitharju.ee\/wp-content\/uploads\/2026\/01\/Laanemaa-Noarootsi_Priidu-Saart8-1_large.jpg 1280w, https:\/\/www.visitharju.ee\/wp-content\/uploads\/2026\/01\/Laanemaa-Noarootsi_Priidu-Saart8-1_large-300x200.jpg 300w, https:\/\/www.visitharju.ee\/wp-content\/uploads\/2026\/01\/Laanemaa-Noarootsi_Priidu-Saart8-1_large-1024x682.jpg 1024w, https:\/\/www.visitharju.ee\/wp-content\/uploads\/2026\/01\/Laanemaa-Noarootsi_Priidu-Saart8-1_large-768x512.jpg 768w, https:\/\/www.visitharju.ee\/wp-content\/uploads\/2026\/01\/Laanemaa-Noarootsi_Priidu-Saart8-1_large-272x182.jpg 272w\" sizes=\"(max-width: 1280px) 100vw, 1280px\" title=\"Autors: Priidu Saart\" alt=\"Noarootsi kirik L\u00e4\u00e4nemaal\" \t\tclass=\"so-widget-image\"\/>\n\t<\/div>\n\n<h3 class=\"widget-title\">Autors: Priidu Saart<\/h3><\/div><\/div><\/div><\/div><div id=\"pgc-603205-2-1\"  class=\"panel-grid-cell\" ><div id=\"panel-603205-2-1-0\" class=\"so-panel widget widget_theme-title panel-first-child\" data-index=\"6\" ><div\n\t\t\t\n\t\t\tclass=\"so-widget-theme-title so-widget-theme-title-base\"\n\t\t\t\n\t\t>\n<h2 class=\"theme-title-69e59a22a6049\">\n    Pa piekrastes zviedru p\u0113d\u0101m<\/h2>\n\n<style>.theme-title-69e59a22a6049{color:#000;font-weight:700;font-size:1.5rem;line-height:normal;letter-spacing:normal;margin:0 0 24px 0;text-align:left}@media (max-width:767px){.theme-title-69e59a22a6049{font-size:1.5rem;line-height:normal;letter-spacing:normal;margin:0 0 2px 0;text-align:left}}<\/style><\/div><\/div><div id=\"panel-603205-2-1-1\" class=\"so-panel widget widget_theme-text\" data-index=\"7\" ><div\n\t\t\t\n\t\t\tclass=\"so-widget-theme-text so-widget-theme-text-base\"\n\t\t\t\n\t\t>\n<div class=\"theme-text-69e59a22a632c \" id=\"theme-text-69e59a22a632c-content\">\n    <p class=\"p1\">Kult\u016bras mar\u0161ruts, kas iepaz\u012bstina ar Igaunijas zviedru piekrastes mantojumu v\u0113sturisk\u0101s viet\u0101s un kopien\u0101s. Mar\u0161ruta p\u0113rles ir Rannarootsi muzejs, N\u00f5va maizes ceptuve, Noarootsi bazn\u012bca un Vormsi sala (Sv. Olava bazn\u012bca un kaps\u0113ta, lauku s\u0113tas muzejs). Kop\u0113jais loks ir apm\u0113ram 184 km un piem\u0113rots vismaz 2 dienu un 1 nakts braucienam; uz Vormsi dodas ar pr\u0101mi.<\/p>\n<\/div>\n\n\n<style>.theme-text-69e59a22a632c{color:#000;font-weight:400;font-size:1.25rem;line-height:1.5;margin:0 0 0 0;padding:0 0 0 0;text-align:left}.theme-text-69e59a22a632c ul li{margin-bottom:22px}.theme-text-69e59a22a632c ul li:last-child{margin-bottom:0}.theme-text-69e59a22a632c.text-truncated{display:-webkit-box;-webkit-box-orient:vertical;-webkit-line-clamp:0;overflow:hidden;text-overflow:ellipsis}@media (max-width:767px){.theme-text-69e59a22a632c{font-size:1.25rem;line-height:1.5;margin:0 0 0 0;padding:0 0 0 0;text-align:left}}<\/style><\/div><\/div><div id=\"panel-603205-2-1-2\" class=\"so-panel widget widget_theme-btn panel-last-child\" data-index=\"8\" ><div\n\t\t\t\n\t\t\tclass=\"so-widget-theme-btn so-widget-theme-btn-base\"\n\t\t\t\n\t\t>\n<div class=\"theme-btn-69e59a22a6646-wrapper\">\n    <a href=\"https:\/\/visitestonia.com\/lv\/kurp-doties\/pa-piekrastes-zviedru-pedam\"\n       class=\"theme-btn theme-btn--outline theme-btn-69e59a22a6646\"\n       role=\"button\"\n       >\n                Las\u012bt vair\u0101k    <\/a>\n<\/div>\n\n<style>.theme-btn-69e59a22a6646-wrapper{display:flex;justify-content:flex-start;width:100%}a.theme-btn-69e59a22a6646{display:inline-flex;align-items:center;gap:12px;padding:20px 24px 20px 24px;margin:0 0 0 0;font-size:1.25rem;font-weight:400;text-transform:none;text-decoration:none!important;color:#000;border:1px solid #000;border-radius:40px}a.theme-btn-69e59a22a6646:hover{background:#003E62;color:#fff}a.theme-btn-69e59a22a6646 .theme-btn__icon-img{max-height:28px;width:auto}a.theme-btn-69e59a22a6646 .theme-btn__icon{padding:0 12px 0 0}@media (max-width:767px){.theme-btn-69e59a22a6646-wrapper{justify-content:flex-start}a.theme-btn-69e59a22a6646{padding:14px 32px 14px 32px;margin:0 0 20px 0;font-size:1rem}}<\/style><\/div><\/div><\/div><\/div><div id=\"pg-603205-3\"  class=\"panel-grid panel-no-style\" ><div id=\"pgc-603205-3-0\"  class=\"panel-grid-cell\" ><div id=\"panel-603205-3-0-0\" class=\"so-panel widget widget_theme-title panel-first-child panel-last-child\" data-index=\"9\" ><div\n\t\t\t\n\t\t\tclass=\"so-widget-theme-title so-widget-theme-title-base\"\n\t\t\t\n\t\t>\n<h2 class=\"theme-title-69e59a22a6996\">\n    Vai esi gatavs doties t\u016br\u0113?<\/h2>\n\n<style>.theme-title-69e59a22a6996{color:#000;font-weight:700;font-size:1.5rem;line-height:normal;letter-spacing:normal;margin:0 0 24px 0;text-align:center}@media (max-width:767px){.theme-title-69e59a22a6996{font-size:1.5rem;line-height:normal;letter-spacing:normal;margin:0 0 2px 0;text-align:left}}<\/style><\/div><\/div><\/div><\/div><div id=\"pg-603205-4\"  class=\"panel-grid panel-no-style\" ><div id=\"pgc-603205-4-0\"  class=\"panel-grid-cell\" ><div id=\"panel-603205-4-0-0\" class=\"so-panel widget widget_sow-image panel-first-child panel-last-child\" data-index=\"10\" ><div class=\"panel-widget-style panel-widget-style-for-603205-4-0-0\" ><div\n\t\t\t\n\t\t\tclass=\"so-widget-sow-image so-widget-sow-image-default-dbf295114b96-603205\"\n\t\t\t\n\t\t>\n<div class=\"sow-image-container\">\n\t\t<img \n\tsrc=\"https:\/\/www.visitharju.ee\/wp-content\/uploads\/2026\/01\/Rannarootsi-lipp_Riina-Simmer-435x311.webp\" width=\"435\" height=\"311\" sizes=\"(max-width: 435px) 100vw, 435px\" title=\"Autor: Riina Simmer\" alt=\"Rannarootsi lipp\" \t\tclass=\"so-widget-image\"\/>\n\t<\/div>\n\n<\/div><\/div><\/div><\/div><div id=\"pgc-603205-4-1\"  class=\"panel-grid-cell\" ><div id=\"panel-603205-4-1-0\" class=\"so-panel widget widget_sow-image panel-first-child panel-last-child\" data-index=\"11\" ><div class=\"panel-widget-style panel-widget-style-for-603205-4-1-0\" ><div\n\t\t\t\n\t\t\tclass=\"so-widget-sow-image so-widget-sow-image-default-dbf295114b96-603205\"\n\t\t\t\n\t\t>\n<div class=\"sow-image-container\">\n\t\t<img \n\tsrc=\"https:\/\/www.visitharju.ee\/wp-content\/uploads\/2026\/02\/Maidla-Nature-Resort-435x311.webp\" width=\"435\" height=\"311\" sizes=\"(max-width: 435px) 100vw, 435px\" title=\"Maidla Nature Resort\" alt=\"Maidla Nature Resort\" \t\tclass=\"so-widget-image\"\/>\n\t<\/div>\n\n<\/div><\/div><\/div><\/div><div id=\"pgc-603205-4-2\"  class=\"panel-grid-cell\" ><div id=\"panel-603205-4-2-0\" class=\"so-panel widget widget_sow-image panel-first-child panel-last-child\" data-index=\"12\" ><div class=\"panel-widget-style panel-widget-style-for-603205-4-2-0\" ><div\n\t\t\t\n\t\t\tclass=\"so-widget-sow-image so-widget-sow-image-default-dbf295114b96-603205\"\n\t\t\t\n\t\t>\n<div class=\"sow-image-container\">\n\t\t<img \n\tsrc=\"https:\/\/www.visitharju.ee\/wp-content\/uploads\/2026\/02\/Haapsalu.-Silver-Raidla-435x311.jpg\" width=\"435\" height=\"311\" sizes=\"(max-width: 435px) 100vw, 435px\" title=\"Autor: Silver Raidla\" alt=\"\" \t\tclass=\"so-widget-image\"\/>\n\t<\/div>\n\n<\/div><\/div><\/div><\/div><\/div><\/div>","protected":false},"excerpt":{"rendered":"<p>Atkl\u0101j Harju apri\u0146\u0137a un kaimi\u0146u re\u0123ionu lab\u0101kos piedz\u012bvojumus divos at\u0161\u0137ir\u012bgos mar\u0161rutos, kas lieliski piem\u0113roti ce\u013co\u0161anai patst\u0101v\u012bgi: Pa \u016bdens p\u0113d\u0101m \u2013 no purviem l\u012bdz Baltijas j\u016brai apvieno vien\u0101 \u0123imenei draudz\u012bg\u0101 autoce\u013cojum\u0101 purvus un ezerus, iespaid\u012bgus \u016bdenskritumu&#8230;<\/p>\n","protected":false},"author":5,"featured_media":0,"parent":0,"menu_order":0,"comment_status":"closed","ping_status":"closed","template":"","meta":{"_acf_changed":false,"rs_blank_template":"","rs_page_bg_color":"","slide_template_v7":"","footnotes":""},"class_list":["post-603205","page","type-page","status-publish","hentry"],"acf":[],"yoast_head":"<!-- This site is optimized with the Yoast SEO plugin v27.3 - https:\/\/yoast.com\/product\/yoast-seo-wordpress\/ -->\n<title>Tematiskie mar\u0161ruti | Visit Harju<\/title>\n<meta name=\"description\" content=\"Tematiskie mar\u0161ruti Harju apri\u0146\u0137\u012b un tuv\u0101kajos re\u0123ionos aicina doties pa\u0161vad\u012bt\u0101 ce\u013cojum\u0101 pa \u016bdens ainav\u0101m un piekrastes mantojumu, apvienojot dabu, v\u0113sturi un viet\u0113j\u0101s gar\u0161as.\" \/>\n<meta name=\"robots\" content=\"index, follow, max-snippet:-1, max-image-preview:large, max-video-preview:-1\" \/>\n<link rel=\"canonical\" href=\"https:\/\/www.visitharju.ee\/tuurid\/\" \/>\n<meta property=\"og:locale\" content=\"lv_LV\" \/>\n<meta property=\"og:type\" content=\"article\" \/>\n<meta property=\"og:title\" content=\"Tematiskie mar\u0161ruti | Visit Harju\" \/>\n<meta property=\"og:description\" content=\"Tematiskie mar\u0161ruti Harju apri\u0146\u0137\u012b un tuv\u0101kajos re\u0123ionos aicina doties pa\u0161vad\u012bt\u0101 ce\u013cojum\u0101 pa \u016bdens ainav\u0101m un piekrastes mantojumu, apvienojot dabu, v\u0113sturi un viet\u0113j\u0101s gar\u0161as.\" \/>\n<meta property=\"og:url\" content=\"https:\/\/www.visitharju.ee\/tuurid\/\" \/>\n<meta property=\"og:site_name\" content=\"Visit Harju\" \/>\n<meta property=\"article:publisher\" content=\"https:\/\/www.facebook.com\/Visitharju\" \/>\n<meta name=\"twitter:card\" content=\"summary_large_image\" \/>\n<meta name=\"twitter:label1\" content=\"Est. reading time\" \/>\n\t<meta name=\"twitter:data1\" content=\"3 minutes\" \/>\n<script type=\"application\/ld+json\" class=\"yoast-schema-graph\">{\"@context\":\"https:\\\/\\\/schema.org\",\"@graph\":[{\"@type\":\"WebPage\",\"@id\":\"https:\\\/\\\/www.visitharju.ee\\\/tuurid\\\/\",\"url\":\"https:\\\/\\\/www.visitharju.ee\\\/tuurid\\\/\",\"name\":\"Tematiskie mar\u0161ruti | Visit Harju\",\"isPartOf\":{\"@id\":\"https:\\\/\\\/www.visitharju.ee\\\/#website\"},\"datePublished\":\"2026-02-17T07:44:41+00:00\",\"description\":\"Tematiskie mar\u0161ruti Harju apri\u0146\u0137\u012b un tuv\u0101kajos re\u0123ionos aicina doties pa\u0161vad\u012bt\u0101 ce\u013cojum\u0101 pa \u016bdens ainav\u0101m un piekrastes mantojumu, apvienojot dabu, v\u0113sturi un viet\u0113j\u0101s gar\u0161as.\",\"breadcrumb\":{\"@id\":\"https:\\\/\\\/www.visitharju.ee\\\/tuurid\\\/#breadcrumb\"},\"inLanguage\":\"lv-LV\",\"potentialAction\":[{\"@type\":\"ReadAction\",\"target\":[\"https:\\\/\\\/www.visitharju.ee\\\/tuurid\\\/\"]}]},{\"@type\":\"BreadcrumbList\",\"@id\":\"https:\\\/\\\/www.visitharju.ee\\\/tuurid\\\/#breadcrumb\",\"itemListElement\":[{\"@type\":\"ListItem\",\"position\":1,\"name\":\"Home\",\"item\":\"https:\\\/\\\/visitharju.ee\\\/lv\\\/\"},{\"@type\":\"ListItem\",\"position\":2,\"name\":\"Tematiskie mar\u0161ruti\"}]},{\"@type\":\"WebSite\",\"@id\":\"https:\\\/\\\/www.visitharju.ee\\\/#website\",\"url\":\"https:\\\/\\\/www.visitharju.ee\\\/\",\"name\":\"Visit Harju\",\"description\":\"\",\"publisher\":{\"@id\":\"https:\\\/\\\/www.visitharju.ee\\\/#organization\"},\"potentialAction\":[{\"@type\":\"SearchAction\",\"target\":{\"@type\":\"EntryPoint\",\"urlTemplate\":\"https:\\\/\\\/www.visitharju.ee\\\/?s={search_term_string}\"},\"query-input\":{\"@type\":\"PropertyValueSpecification\",\"valueRequired\":true,\"valueName\":\"search_term_string\"}}],\"inLanguage\":\"lv-LV\"},{\"@type\":\"Organization\",\"@id\":\"https:\\\/\\\/www.visitharju.ee\\\/#organization\",\"name\":\"Visit Harju\",\"url\":\"https:\\\/\\\/www.visitharju.ee\\\/\",\"logo\":{\"@type\":\"ImageObject\",\"inLanguage\":\"lv-LV\",\"@id\":\"https:\\\/\\\/www.visitharju.ee\\\/#\\\/schema\\\/logo\\\/image\\\/\",\"url\":\"https:\\\/\\\/visitharju.ee\\\/wp-content\\\/uploads\\\/2023\\\/10\\\/Visitharju-logo.png\",\"contentUrl\":\"https:\\\/\\\/visitharju.ee\\\/wp-content\\\/uploads\\\/2023\\\/10\\\/Visitharju-logo.png\",\"width\":1892,\"height\":567,\"caption\":\"Visit Harju\"},\"image\":{\"@id\":\"https:\\\/\\\/www.visitharju.ee\\\/#\\\/schema\\\/logo\\\/image\\\/\"},\"sameAs\":[\"https:\\\/\\\/www.facebook.com\\\/Visitharju\",\"https:\\\/\\\/www.instagram.com\\\/visitharju\\\/\",\"https:\\\/\\\/www.youtube.com\\\/channel\\\/UCzjhqLjaCYy13XcGq5aSEWQ\"]}]}<\/script>\n<!-- \/ Yoast SEO plugin. -->","yoast_head_json":{"title":"Tematiskie mar\u0161ruti | Visit Harju","description":"Tematiskie mar\u0161ruti Harju apri\u0146\u0137\u012b un tuv\u0101kajos re\u0123ionos aicina doties pa\u0161vad\u012bt\u0101 ce\u013cojum\u0101 pa \u016bdens ainav\u0101m un piekrastes mantojumu, apvienojot dabu, v\u0113sturi un viet\u0113j\u0101s gar\u0161as.","robots":{"index":"index","follow":"follow","max-snippet":"max-snippet:-1","max-image-preview":"max-image-preview:large","max-video-preview":"max-video-preview:-1"},"canonical":"https:\/\/www.visitharju.ee\/tuurid\/","og_locale":"lv_LV","og_type":"article","og_title":"Tematiskie mar\u0161ruti | Visit Harju","og_description":"Tematiskie mar\u0161ruti Harju apri\u0146\u0137\u012b un tuv\u0101kajos re\u0123ionos aicina doties pa\u0161vad\u012bt\u0101 ce\u013cojum\u0101 pa \u016bdens ainav\u0101m un piekrastes mantojumu, apvienojot dabu, v\u0113sturi un viet\u0113j\u0101s gar\u0161as.","og_url":"https:\/\/www.visitharju.ee\/tuurid\/","og_site_name":"Visit Harju","article_publisher":"https:\/\/www.facebook.com\/Visitharju","twitter_card":"summary_large_image","twitter_misc":{"Est. reading time":"3 minutes"},"schema":{"@context":"https:\/\/schema.org","@graph":[{"@type":"WebPage","@id":"https:\/\/www.visitharju.ee\/tuurid\/","url":"https:\/\/www.visitharju.ee\/tuurid\/","name":"Tematiskie mar\u0161ruti | Visit Harju","isPartOf":{"@id":"https:\/\/www.visitharju.ee\/#website"},"datePublished":"2026-02-17T07:44:41+00:00","description":"Tematiskie mar\u0161ruti Harju apri\u0146\u0137\u012b un tuv\u0101kajos re\u0123ionos aicina doties pa\u0161vad\u012bt\u0101 ce\u013cojum\u0101 pa \u016bdens ainav\u0101m un piekrastes mantojumu, apvienojot dabu, v\u0113sturi un viet\u0113j\u0101s gar\u0161as.","breadcrumb":{"@id":"https:\/\/www.visitharju.ee\/tuurid\/#breadcrumb"},"inLanguage":"lv-LV","potentialAction":[{"@type":"ReadAction","target":["https:\/\/www.visitharju.ee\/tuurid\/"]}]},{"@type":"BreadcrumbList","@id":"https:\/\/www.visitharju.ee\/tuurid\/#breadcrumb","itemListElement":[{"@type":"ListItem","position":1,"name":"Home","item":"https:\/\/visitharju.ee\/lv\/"},{"@type":"ListItem","position":2,"name":"Tematiskie mar\u0161ruti"}]},{"@type":"WebSite","@id":"https:\/\/www.visitharju.ee\/#website","url":"https:\/\/www.visitharju.ee\/","name":"Visit Harju","description":"","publisher":{"@id":"https:\/\/www.visitharju.ee\/#organization"},"potentialAction":[{"@type":"SearchAction","target":{"@type":"EntryPoint","urlTemplate":"https:\/\/www.visitharju.ee\/?s={search_term_string}"},"query-input":{"@type":"PropertyValueSpecification","valueRequired":true,"valueName":"search_term_string"}}],"inLanguage":"lv-LV"},{"@type":"Organization","@id":"https:\/\/www.visitharju.ee\/#organization","name":"Visit Harju","url":"https:\/\/www.visitharju.ee\/","logo":{"@type":"ImageObject","inLanguage":"lv-LV","@id":"https:\/\/www.visitharju.ee\/#\/schema\/logo\/image\/","url":"https:\/\/visitharju.ee\/wp-content\/uploads\/2023\/10\/Visitharju-logo.png","contentUrl":"https:\/\/visitharju.ee\/wp-content\/uploads\/2023\/10\/Visitharju-logo.png","width":1892,"height":567,"caption":"Visit Harju"},"image":{"@id":"https:\/\/www.visitharju.ee\/#\/schema\/logo\/image\/"},"sameAs":["https:\/\/www.facebook.com\/Visitharju","https:\/\/www.instagram.com\/visitharju\/","https:\/\/www.youtube.com\/channel\/UCzjhqLjaCYy13XcGq5aSEWQ"]}]}},"_links":{"self":[{"href":"https:\/\/www.visitharju.ee\/lv\/wp-json\/wp\/v2\/pages\/603205","targetHints":{"allow":["GET"]}}],"collection":[{"href":"https:\/\/www.visitharju.ee\/lv\/wp-json\/wp\/v2\/pages"}],"about":[{"href":"https:\/\/www.visitharju.ee\/lv\/wp-json\/wp\/v2\/types\/page"}],"author":[{"embeddable":true,"href":"https:\/\/www.visitharju.ee\/lv\/wp-json\/wp\/v2\/users\/5"}],"replies":[{"embeddable":true,"href":"https:\/\/www.visitharju.ee\/lv\/wp-json\/wp\/v2\/comments?post=603205"}],"version-history":[{"count":0,"href":"https:\/\/www.visitharju.ee\/lv\/wp-json\/wp\/v2\/pages\/603205\/revisions"}],"wp:attachment":[{"href":"https:\/\/www.visitharju.ee\/lv\/wp-json\/wp\/v2\/media?parent=603205"}],"curies":[{"name":"wp","href":"https:\/\/api.w.org\/{rel}","templated":true}]}}