{"id":65050,"date":"2023-12-29T14:53:36","date_gmt":"2023-12-29T12:53:36","guid":{"rendered":"https:\/\/visitharju.ee\/kaardirakendus\/"},"modified":"2024-11-25T19:57:19","modified_gmt":"2024-11-25T17:57:19","slug":"kartes-lietotne","status":"publish","type":"page","link":"https:\/\/visitharju.ee\/lv\/kartes-lietotne\/","title":{"rendered":"Kartes lietotne"},"content":{"rendered":"","protected":false},"excerpt":{"rendered":"","protected":false},"author":1,"featured_media":0,"parent":0,"menu_order":0,"comment_status":"closed","ping_status":"closed","template":"page-map-app.php","meta":{"_acf_changed":false,"rs_blank_template":"","rs_page_bg_color":"","slide_template_v7":"","footnotes":""},"class_list":["post-65050","page","type-page","status-publish","hentry"],"acf":[],"yoast_head":"<!-- This site is optimized with the Yoast SEO plugin v27.3 - https:\/\/yoast.com\/product\/yoast-seo-wordpress\/ -->\n<title>Kartes lietotne | Visit Harju<\/title>\n<meta name=\"description\" content=\"Oled leidnud kuldv\u00f5tmekese, et avada ja avastada enda jaoks Harjumaa. M\u00f5nusad kohad ning toredad \u00fcritused ootavad Sind!\" \/>\n<meta name=\"robots\" content=\"index, follow, max-snippet:-1, max-image-preview:large, max-video-preview:-1\" \/>\n<link rel=\"canonical\" href=\"https:\/\/visitharju.ee\/lv\/kartes-lietotne\/\" \/>\n<meta property=\"og:locale\" content=\"lv_LV\" \/>\n<meta property=\"og:type\" content=\"article\" \/>\n<meta property=\"og:title\" content=\"Kartes lietotne | Visit Harju\" \/>\n<meta property=\"og:description\" content=\"Oled leidnud kuldv\u00f5tmekese, et avada ja avastada enda jaoks Harjumaa. M\u00f5nusad kohad ning toredad \u00fcritused ootavad Sind!\" \/>\n<meta property=\"og:url\" content=\"https:\/\/visitharju.ee\/lv\/kartes-lietotne\/\" \/>\n<meta property=\"og:site_name\" content=\"Visit Harju\" \/>\n<meta property=\"article:publisher\" content=\"https:\/\/www.facebook.com\/Visitharju\" \/>\n<meta property=\"article:modified_time\" content=\"2024-11-25T17:57:19+00:00\" \/>\n<meta name=\"twitter:card\" content=\"summary_large_image\" \/>\n<script type=\"application\/ld+json\" class=\"yoast-schema-graph\">{\"@context\":\"https:\\\/\\\/schema.org\",\"@graph\":[{\"@type\":\"WebPage\",\"@id\":\"https:\\\/\\\/visitharju.ee\\\/lv\\\/kartes-lietotne\\\/\",\"url\":\"https:\\\/\\\/visitharju.ee\\\/lv\\\/kartes-lietotne\\\/\",\"name\":\"Kartes lietotne | Visit Harju\",\"isPartOf\":{\"@id\":\"https:\\\/\\\/visitharju.ee\\\/#website\"},\"datePublished\":\"2023-12-29T12:53:36+00:00\",\"dateModified\":\"2024-11-25T17:57:19+00:00\",\"description\":\"Oled leidnud kuldv\u00f5tmekese, et avada ja avastada enda jaoks Harjumaa. M\u00f5nusad kohad ning toredad \u00fcritused ootavad Sind!\",\"breadcrumb\":{\"@id\":\"https:\\\/\\\/visitharju.ee\\\/lv\\\/kartes-lietotne\\\/#breadcrumb\"},\"inLanguage\":\"lv-LV\",\"potentialAction\":[{\"@type\":\"ReadAction\",\"target\":[\"https:\\\/\\\/visitharju.ee\\\/lv\\\/kartes-lietotne\\\/\"]}]},{\"@type\":\"BreadcrumbList\",\"@id\":\"https:\\\/\\\/visitharju.ee\\\/lv\\\/kartes-lietotne\\\/#breadcrumb\",\"itemListElement\":[{\"@type\":\"ListItem\",\"position\":1,\"name\":\"Home\",\"item\":\"https:\\\/\\\/visitharju.ee\\\/lv\\\/\"},{\"@type\":\"ListItem\",\"position\":2,\"name\":\"Kartes lietotne\"}]},{\"@type\":\"WebSite\",\"@id\":\"https:\\\/\\\/visitharju.ee\\\/#website\",\"url\":\"https:\\\/\\\/visitharju.ee\\\/\",\"name\":\"Visit Harju\",\"description\":\"\",\"publisher\":{\"@id\":\"https:\\\/\\\/visitharju.ee\\\/#organization\"},\"potentialAction\":[{\"@type\":\"SearchAction\",\"target\":{\"@type\":\"EntryPoint\",\"urlTemplate\":\"https:\\\/\\\/visitharju.ee\\\/?s={search_term_string}\"},\"query-input\":{\"@type\":\"PropertyValueSpecification\",\"valueRequired\":true,\"valueName\":\"search_term_string\"}}],\"inLanguage\":\"lv-LV\"},{\"@type\":\"Organization\",\"@id\":\"https:\\\/\\\/visitharju.ee\\\/#organization\",\"name\":\"Visit Harju\",\"url\":\"https:\\\/\\\/visitharju.ee\\\/\",\"logo\":{\"@type\":\"ImageObject\",\"inLanguage\":\"lv-LV\",\"@id\":\"https:\\\/\\\/visitharju.ee\\\/#\\\/schema\\\/logo\\\/image\\\/\",\"url\":\"https:\\\/\\\/visitharju.ee\\\/wp-content\\\/uploads\\\/2023\\\/10\\\/Visitharju-logo.png\",\"contentUrl\":\"https:\\\/\\\/visitharju.ee\\\/wp-content\\\/uploads\\\/2023\\\/10\\\/Visitharju-logo.png\",\"width\":1892,\"height\":567,\"caption\":\"Visit Harju\"},\"image\":{\"@id\":\"https:\\\/\\\/visitharju.ee\\\/#\\\/schema\\\/logo\\\/image\\\/\"},\"sameAs\":[\"https:\\\/\\\/www.facebook.com\\\/Visitharju\",\"https:\\\/\\\/www.instagram.com\\\/visitharju\\\/\",\"https:\\\/\\\/www.youtube.com\\\/channel\\\/UCzjhqLjaCYy13XcGq5aSEWQ\"]}]}<\/script>\n<!-- \/ Yoast SEO plugin. -->","yoast_head_json":{"title":"Kartes lietotne | Visit Harju","description":"Oled leidnud kuldv\u00f5tmekese, et avada ja avastada enda jaoks Harjumaa. M\u00f5nusad kohad ning toredad \u00fcritused ootavad Sind!","robots":{"index":"index","follow":"follow","max-snippet":"max-snippet:-1","max-image-preview":"max-image-preview:large","max-video-preview":"max-video-preview:-1"},"canonical":"https:\/\/visitharju.ee\/lv\/kartes-lietotne\/","og_locale":"lv_LV","og_type":"article","og_title":"Kartes lietotne | Visit Harju","og_description":"Oled leidnud kuldv\u00f5tmekese, et avada ja avastada enda jaoks Harjumaa. M\u00f5nusad kohad ning toredad \u00fcritused ootavad Sind!","og_url":"https:\/\/visitharju.ee\/lv\/kartes-lietotne\/","og_site_name":"Visit Harju","article_publisher":"https:\/\/www.facebook.com\/Visitharju","article_modified_time":"2024-11-25T17:57:19+00:00","twitter_card":"summary_large_image","schema":{"@context":"https:\/\/schema.org","@graph":[{"@type":"WebPage","@id":"https:\/\/visitharju.ee\/lv\/kartes-lietotne\/","url":"https:\/\/visitharju.ee\/lv\/kartes-lietotne\/","name":"Kartes lietotne | Visit Harju","isPartOf":{"@id":"https:\/\/visitharju.ee\/#website"},"datePublished":"2023-12-29T12:53:36+00:00","dateModified":"2024-11-25T17:57:19+00:00","description":"Oled leidnud kuldv\u00f5tmekese, et avada ja avastada enda jaoks Harjumaa. M\u00f5nusad kohad ning toredad \u00fcritused ootavad Sind!","breadcrumb":{"@id":"https:\/\/visitharju.ee\/lv\/kartes-lietotne\/#breadcrumb"},"inLanguage":"lv-LV","potentialAction":[{"@type":"ReadAction","target":["https:\/\/visitharju.ee\/lv\/kartes-lietotne\/"]}]},{"@type":"BreadcrumbList","@id":"https:\/\/visitharju.ee\/lv\/kartes-lietotne\/#breadcrumb","itemListElement":[{"@type":"ListItem","position":1,"name":"Home","item":"https:\/\/visitharju.ee\/lv\/"},{"@type":"ListItem","position":2,"name":"Kartes lietotne"}]},{"@type":"WebSite","@id":"https:\/\/visitharju.ee\/#website","url":"https:\/\/visitharju.ee\/","name":"Visit Harju","description":"","publisher":{"@id":"https:\/\/visitharju.ee\/#organization"},"potentialAction":[{"@type":"SearchAction","target":{"@type":"EntryPoint","urlTemplate":"https:\/\/visitharju.ee\/?s={search_term_string}"},"query-input":{"@type":"PropertyValueSpecification","valueRequired":true,"valueName":"search_term_string"}}],"inLanguage":"lv-LV"},{"@type":"Organization","@id":"https:\/\/visitharju.ee\/#organization","name":"Visit Harju","url":"https:\/\/visitharju.ee\/","logo":{"@type":"ImageObject","inLanguage":"lv-LV","@id":"https:\/\/visitharju.ee\/#\/schema\/logo\/image\/","url":"https:\/\/visitharju.ee\/wp-content\/uploads\/2023\/10\/Visitharju-logo.png","contentUrl":"https:\/\/visitharju.ee\/wp-content\/uploads\/2023\/10\/Visitharju-logo.png","width":1892,"height":567,"caption":"Visit Harju"},"image":{"@id":"https:\/\/visitharju.ee\/#\/schema\/logo\/image\/"},"sameAs":["https:\/\/www.facebook.com\/Visitharju","https:\/\/www.instagram.com\/visitharju\/","https:\/\/www.youtube.com\/channel\/UCzjhqLjaCYy13XcGq5aSEWQ"]}]}},"_links":{"self":[{"href":"https:\/\/visitharju.ee\/lv\/wp-json\/wp\/v2\/pages\/65050","targetHints":{"allow":["GET"]}}],"collection":[{"href":"https:\/\/visitharju.ee\/lv\/wp-json\/wp\/v2\/pages"}],"about":[{"href":"https:\/\/visitharju.ee\/lv\/wp-json\/wp\/v2\/types\/page"}],"author":[{"embeddable":true,"href":"https:\/\/visitharju.ee\/lv\/wp-json\/wp\/v2\/users\/1"}],"replies":[{"embeddable":true,"href":"https:\/\/visitharju.ee\/lv\/wp-json\/wp\/v2\/comments?post=65050"}],"version-history":[{"count":0,"href":"https:\/\/visitharju.ee\/lv\/wp-json\/wp\/v2\/pages\/65050\/revisions"}],"wp:attachment":[{"href":"https:\/\/visitharju.ee\/lv\/wp-json\/wp\/v2\/media?parent=65050"}],"curies":[{"name":"wp","href":"https:\/\/api.w.org\/{rel}","templated":true}]}}